{"id":22169,"date":"2023-05-27T18:39:08","date_gmt":"2023-05-27T16:39:08","guid":{"rendered":"http:\/\/srebrny-potok.net\/?page_id=22169"},"modified":"2024-01-11T10:06:35","modified_gmt":"2024-01-11T09:06:35","slug":"oferta","status":"publish","type":"page","link":"http:\/\/srebrny-potok.net\/index.php\/oferta\/","title":{"rendered":"Cennik"},"content":{"rendered":"<p style=\"text-align: right;\">Schronisko \u201eSrebrny Potok\u201d w Jarkowicach \u2013 obiekt noclegowy (schronisko turystyczne), po\u0142o\u017cony w dolinie Bia\u0142ego Strumienia (Bia\u0142ej Wody) ponad wsi\u0105 Jarkowice, na wschodnich zboczach karkonoskiego Grzbietu Lasockiego<\/p>\n<p>W sezonie letnim i zimowym oraz we wszystkie \u015bwi\u0119ta i d\u0142ugie weekendy ceny uzgadniane s\u0105 telefonicznie i zale\u017c\u0105 od d\u0142ugo\u015bci pobytu. Dzieci cena za nocleg 60 PLN, doro\u015bli 75 z\u0142 na jedn\u0105 dob\u0119:)Spanie na pod\u0142odze (tylko przy pe\u0142nym ob\u0142o\u017ceniu) 35 PLN za osob\u0119. Mo\u017cliwo\u015b\u0107 rozbicia w\u0142asnego namiotu 35 PLN za osob\u0119. Op\u0142ata za psa lub inne zwierz\u0119 20 PLN za dob\u0119.<\/p>\n<p>Do dyspozycji go\u015bci: bezprzewodowy internet (Wi-Fi), wyposa\u017cony aneks kuchenny, salon. Na terenie obiektu parking oraz miejsce na ognisko, mo\u017cliwo\u015b\u0107 grillowania. Akceptacja zwierz\u0105t. Imprezy i konferencje Mo\u017cliwo\u015b\u0107 zorganizowania imprez zamkni\u0119tych. Atrakcje w pobli\u017cu Dla aktywnych szlaki turystyczne. Atrakcje turystyczne: Karkonoski Park Narodowy.<\/p>\n","protected":false},"excerpt":{"rendered":"<p>Schronisko \u201eSrebrny Potok\u201d w Jarkowicach \u2013 obiekt noclegowy (schronisko turystyczne), po\u0142o\u017cony w dolinie Bia\u0142ego Strumienia (Bia\u0142ej Wody) ponad wsi\u0105 Jarkowice, na wschodnich zboczach karkonoskiego Grzbietu Lasockiego W sezonie letnim i zimowym oraz we wszystkie \u015bwi\u0119ta i d\u0142ugie weekendy ceny uzgadniane s\u0105 telefonicznie i zale\u017c\u0105 od d\u0142ugo\u015bci pobytu. Dzieci cena za nocleg 60 PLN, doro\u015bli 75 [&hellip;]<\/p>\n","protected":false},"author":1,"featured_media":0,"parent":0,"menu_order":0,"comment_status":"closed","ping_status":"closed","template":"","meta":{"footnotes":""},"class_list":["post-22169","page","type-page","status-publish","hentry"],"_links":{"self":[{"href":"http:\/\/srebrny-potok.net\/index.php\/wp-json\/wp\/v2\/pages\/22169","targetHints":{"allow":["GET"]}}],"collection":[{"href":"http:\/\/srebrny-potok.net\/index.php\/wp-json\/wp\/v2\/pages"}],"about":[{"href":"http:\/\/srebrny-potok.net\/index.php\/wp-json\/wp\/v2\/types\/page"}],"author":[{"embeddable":true,"href":"http:\/\/srebrny-potok.net\/index.php\/wp-json\/wp\/v2\/users\/1"}],"replies":[{"embeddable":true,"href":"http:\/\/srebrny-potok.net\/index.php\/wp-json\/wp\/v2\/comments?post=22169"}],"version-history":[{"count":7,"href":"http:\/\/srebrny-potok.net\/index.php\/wp-json\/wp\/v2\/pages\/22169\/revisions"}],"predecessor-version":[{"id":22251,"href":"http:\/\/srebrny-potok.net\/index.php\/wp-json\/wp\/v2\/pages\/22169\/revisions\/22251"}],"wp:attachment":[{"href":"http:\/\/srebrny-potok.net\/index.php\/wp-json\/wp\/v2\/media?parent=22169"}],"curies":[{"name":"wp","href":"https:\/\/api.w.org\/{rel}","templated":true}]}}