{"id":22173,"date":"2023-05-27T18:39:40","date_gmt":"2023-05-27T16:39:40","guid":{"rendered":"http:\/\/srebrny-potok.net\/?page_id=22173"},"modified":"2023-07-17T19:15:54","modified_gmt":"2023-07-17T17:15:54","slug":"o-nas","status":"publish","type":"page","link":"http:\/\/srebrny-potok.net\/index.php\/o-nas\/","title":{"rendered":"O NAS"},"content":{"rendered":"<div>\n<div class=\"x1cy8zhl x78zum5 x1q0g3np xod5an3 x1pi30zi x1swvt13 xz9dl7a\">\n<div class=\"x1iyjqo2\">\n<div class=\"x78zum5 xdt5ytf xz62fqu x16ldp7u\">\n<div class=\"xu06os2 x1ok221b\">Zapraszamy do Schroniska Srebrny Potok usytuowanego w malowniczej miejscowo\u015bci Jarkowice u st\u00f3p Grzbietu Lasocki.<br \/>\nNasze schronisko dysponuje 45 miejscami noclegowymi. Schronisko to dwa identyczne budynki , mo\u017cliwo\u015b\u0107 wynaj\u0119cia w ca\u0142o\u015bci na wy\u0142\u0105czno\u015b\u0107 jednego z nich wraz z barem. W pokojach 2-6 osobowych. Przy obiekcie posiadamy miejsca parkingowe.<br \/>\nDo dyspozycji Pa\u0144stwa jest kuchnia , a tak\u017ce du\u017cy drewniany bar.<br \/>\nJest r\u00f3wnie\u017c miejsce z wiatami na ogniska.<br \/>\nSchronisko jest czynne 24h.<br \/>\nSzukasz noclegu w cudownej ciszy, to tu.<br \/>\nChcesz wiedzie\u0107 dlaczego nocleg w gminie Lubawka to dobry wyb\u00f3r?<br \/>\nTu ko\u0144czy si\u0119 droga i zaczynaj\u0105 si\u0119 szlaki turystyczne.<br \/>\nTo idealne miejsce wypoczynku dla wszystkich kochaj\u0105cych g\u00f3ry, przyrod\u0119, cisz\u0119 i spok\u00f3j.<br \/>\nZapraszamy przez ca\u0142y rok \u2013 zar\u00f3wno latem jak i zim\u0105, wiosn\u0105 czy jesieni\u0105 \u2013 zapach lasu, krystalicznie czyste powietrze i wspania\u0142e widoki s\u0105 gwarancj\u0105 pe\u0142nego relaksu, odzyskania si\u0142 i wewn\u0119trznej harmonii<\/p>\n<p>Do dyspozycji go\u015bci: bezprzewodowy internet (Wi-Fi), wyposa\u017cony aneks kuchenny, salon. Na terenie obiektu parking oraz miejsce na ognisko, mo\u017cliwo\u015b\u0107 grillowania. Akceptacja zwierz\u0105t. Imprezy i konferencje Mo\u017cliwo\u015b\u0107 zorganizowania imprez zamkni\u0119tych.  Atrakcje w pobli\u017cu Dla aktywnych szlaki turystyczne. Atrakcje turystyczne: Karkonoski Park Narodowy.<\/p>\n<h2 class=\"x1heor9g x1qlqyl8 x1pd3egz x1a2a7pz x1gslohp x1yc453h\" id=\":rc2:\"><span class=\"x193iq5w xeuugli x13faqbe x1vvkbs x1xmvt09 x1f6kntn xvq8zen xo1l8bm xi81zsa\"><span class=\"xt0psk2\"><strong><a tabindex=\"0\" class=\"x1i10hfl xjbqb8w x6umtig x1b1mbwd xaqea5y xav7gou x9f619 x1ypdohk xt0psk2 xe8uvvx xdj266r x11i5rnm xat24cr x1mh8g0r xexx8yu x4uap5 x18d9i69 xkhd6sd x16tdsg8 x1hl2dhg xggy1nq x1a2a7pz xt0b8zv xzsf02u x1s688f\" role=\"link\" href=\"https:\/\/www.facebook.com\/iwona.szostak.5?__cft__[0]=AZVzwMdAkDjAf62QeTpD-Fx6IlE-wdG9XvgfizDcL_PjP3OJhrAzlIlThRn-7puHpClIlfk3QQLsHwhLM-B2a7vp_mGfu1pACS0X-bvN9hFXQJ8Iz-MRe6GYf3Wu5ts5NkHpPmn1X3Xs8HSUKNcafKt6&amp;__tn__=-]C%2CP-R\">Iwona Szostak-Klefas<\/a><\/strong><\/span> <strong><img loading=\"lazy\" decoding=\"async\" class=\"x1rg5ohu xw3qccf x1dg2w4v\" src=\"https:\/\/static.xx.fbcdn.net\/rsrc.php\/v3\/y6\/r\/2CYZBtJFeT2.png\" alt=\"\" width=\"16\" height=\"16\"><\/strong> poleca stron\u0119 <span class=\"xt0psk2\"><strong><a tabindex=\"0\" class=\"x1i10hfl xjbqb8w x6umtig x1b1mbwd xaqea5y xav7gou x9f619 x1ypdohk xt0psk2 xe8uvvx xdj266r x11i5rnm xat24cr x1mh8g0r xexx8yu x4uap5 x18d9i69 xkhd6sd x16tdsg8 x1hl2dhg xggy1nq x1a2a7pz xt0b8zv xzsf02u x1s688f\" role=\"link\" href=\"https:\/\/www.facebook.com\/srebrnypotok?__cft__[0]=AZVzwMdAkDjAf62QeTpD-Fx6IlE-wdG9XvgfizDcL_PjP3OJhrAzlIlThRn-7puHpClIlfk3QQLsHwhLM-B2a7vp_mGfu1pACS0X-bvN9hFXQJ8Iz-MRe6GYf3Wu5ts5NkHpPmn1X3Xs8HSUKNcafKt6&amp;__tn__=-]C%2CP-R\">Schronisko Srebrny Potok<\/a><\/strong><\/span>.<\/span><\/h2>\n<\/div>\n<div class=\"xu06os2 x1ok221b\"><span class=\"x193iq5w xeuugli x13faqbe x1vvkbs x1xmvt09 x1lliihq x1s928wv xhkezso x1gmr53x x1cpjm7i x1fgarty x1943h6x x4zkp8e x676frb x1pg5gke x1sibtaa xo1l8bm xi81zsa x1yc453h\" dir=\"auto\"><span id=\":rc3:\"><span class=\"xh99ass\"><span class=\"xzpqnlu xjm9jq1 x6ikm8r x10wlt62 x10l6tqk x1i1rx1s\"> <\/span><span aria-hidden=\"true\">\u00b7 <\/span><\/span><\/span><\/span><\/div>\n<\/div>\n<\/div>\n<div class=\"xqcrz7y x78zum5 x1qx5ct2 x1y1aw1k x1sxyh0 xwib8y2 xurb0ha xw4jnvo\">\n<div>\n<div class=\"x1i10hfl x1qjc9v5 xjqpnuy xa49m3k xqeqjp1 x2hbi6w x9f619 x1ypdohk xdl72j9 x2lah0s xe8uvvx x2lwn1j xeuugli x16tdsg8 x1hl2dhg xggy1nq x1ja2u2z x1t137rt x1o1ewxj x3x9cwd x1e5q0jg x13rtm0m x1q0g3np x87ps6o x1lku1pv x1a2a7pz xjyslct xjbqb8w x13fuv20 xu3j5b3 x1q0q8m5 x26u7qi x972fbf xcfux6l x1qhh985 xm0m39n x3nfvp2 xdj266r x11i5rnm xat24cr x1mh8g0r xexx8yu x4uap5 x18d9i69 xkhd6sd x1n2onr6 x3ajldb x194ut8o x1vzenxt xd7ygy7 xt298gk x1xhcax0 x1s928wv x10pfhc2 x1j6awrg x1v53gu8 x1tfg27r xitxdhh\" tabindex=\"0\" role=\"button\" aria-expanded=\"false\" aria-haspopup=\"menu\" aria-label=\"Dzia\u0142ania dla tego posta\">\n<div class=\"x1ey2m1c xds687c xg01cxk x47corl x10l6tqk x17qophe x13vifvy x1ebt8du x19991ni x1dhq9h x14yjl9h xudhj91 x18nykt9 xww2gxu\" data-visualcompletion=\"ignore\"><\/div>\n<\/div>\n<\/div>\n<\/div>\n<\/div>\n<\/div>\n<div>\n<div class=\"\" dir=\"auto\">\n<div class=\"x1iorvi4 x1pi30zi x1l90r2v x1swvt13\" id=\":rc4:\" data-ad-comet-preview=\"message\" data-ad-preview=\"message\">\n<div class=\"x78zum5 xdt5ytf xz62fqu x16ldp7u\">\n<div class=\"xu06os2 x1ok221b\">\n<div class=\"xdj266r x11i5rnm xat24cr x1mh8g0r x1vvkbs x126k92a\">\n<div dir=\"auto\">Bardzo mi\u0142e i przytulne pokoje. Przypominaj\u0105 kwater\u0119 prywatn\u0105 w tym jak najbardziej pozytywnym znaczeniu. Nie ma baru\/restauracji wi\u0119c trzeba by\u0107 na to przygotowanym. Dla nas to nie problem bo jedzenie ze sob\u0105. Jest kuchnia i lod\u00f3wka wi\u0119c super.<\/div>\n<div dir=\"auto\">Bardzo polecamy <span class=\"x3nfvp2 x1j61x8r x1fcty0u xdj266r xhhsvwb xat24cr xgzva0m xxymvpz xlup9mm x1kky2od\"><img loading=\"lazy\" decoding=\"async\" src=\"https:\/\/static.xx.fbcdn.net\/images\/emoji.php\/v9\/t7f\/1\/16\/1f60a.png\" alt=\"&#x1f60a;\" width=\"16\" height=\"16\"><\/span><\/div>\n<div dir=\"auto\">Pobyt 11.10.2022<\/div>\n<\/div>\n<\/div>\n<\/div>\n<\/div>\n<\/div>\n<div class=\"x1n2onr6\" id=\":rc5:\">\n<div class=\"x1n2onr6\">\n<ul class=\"x78zum5 x1q0g3np x1a02dak x1nhvcw1 xr9ek0c x1emribx x1e56ztr x1i64zmx x1nn3v0j xsyo7zv x1120s5i x16hj40l\">\n<li class=\"x78zum5 x1q0g3np\">\n<div class=\"xs83m0k x1gslohp xfs2ol5 x12nagc x12mruv9\"><span class=\"x193iq5w xeuugli x13faqbe x1vvkbs x1xmvt09 x1lliihq x1s928wv xhkezso x1gmr53x x1cpjm7i x1fgarty x1943h6x xudqn12 x3x7a5m x1f6kntn xvq8zen x1s688f xzsf02u\" dir=\"auto\">Dobre dla podr\u00f3\u017cnik\u00f3w<\/span><\/div>\n<\/li>\n<\/ul>\n<ul>\n<li class=\"x78zum5 x1q0g3np\">\n<div class=\"xs83m0k x1gslohp xfs2ol5 x12nagc x12mruv9\"><span class=\"x193iq5w xeuugli x13faqbe x1vvkbs x1xmvt09 x1lliihq x1s928wv xhkezso x1gmr53x x1cpjm7i x1fgarty x1943h6x xudqn12 x3x7a5m x1f6kntn xvq8zen x1s688f xzsf02u\" dir=\"auto\">Prywatne \u0142azienki<\/span><\/div>\n<\/li>\n<\/ul>\n<ul>\n<li class=\"xs83m0k x1gslohp xfs2ol5 x12nagc x12mruv9\"><span class=\"x193iq5w xeuugli x13faqbe x1vvkbs x1xmvt09 x1lliihq x1s928wv xhkezso x1gmr53x x1cpjm7i x1fgarty x1943h6x xudqn12 x3x7a5m x1f6kntn xvq8zen x1s688f xzsf02u\" dir=\"auto\">Prywatne pokoje<\/span><\/li>\n<\/ul>\n<\/div>\n<div>\n<div class=\"x1cy8zhl x78zum5 x1q0g3np xod5an3 x1pi30zi x1swvt13 xz9dl7a\">\n<div class=\"x1iyjqo2\">\n<div class=\"x78zum5 xdt5ytf xz62fqu x16ldp7u\">\n<div class=\"xu06os2 x1ok221b\">\n<h2 class=\"x1heor9g x1qlqyl8 x1pd3egz x1a2a7pz x1gslohp x1yc453h\" id=\":rf7:\"><span class=\"x193iq5w xeuugli x13faqbe x1vvkbs x1xmvt09 x1f6kntn xvq8zen xo1l8bm xi81zsa\"><span class=\"xt0psk2\"><strong><a tabindex=\"0\" class=\"x1i10hfl xjbqb8w x6umtig x1b1mbwd xaqea5y xav7gou x9f619 x1ypdohk xt0psk2 xe8uvvx xdj266r x11i5rnm xat24cr x1mh8g0r xexx8yu x4uap5 x18d9i69 xkhd6sd x16tdsg8 x1hl2dhg xggy1nq x1a2a7pz xt0b8zv xzsf02u x1s688f\" role=\"link\" href=\"https:\/\/www.facebook.com\/dorota.kuder?__cft__[0]=AZX-YL3Hg5bBWb-gIwGSoaWxg-i6no1HZDZM0SN6Ma3zCvxFlJU0E9YoWHrfIDPID7UH9F7OVYkqx-VKyDbHUMybJNU5XCrwTz1etjz803b76GxZkugWElkMuL7woV2B_zYc3N96_dKEXuv3ePnHhrZW&amp;__tn__=-]C%2CP-R\">Dorota Kuder<\/a><\/strong><\/span> <strong><img loading=\"lazy\" decoding=\"async\" class=\"x1rg5ohu xw3qccf x1dg2w4v\" src=\"https:\/\/static.xx.fbcdn.net\/rsrc.php\/v3\/y6\/r\/2CYZBtJFeT2.png\" alt=\"\" width=\"16\" height=\"16\"><\/strong> poleca stron\u0119 <span class=\"xt0psk2\"><strong><a tabindex=\"0\" class=\"x1i10hfl xjbqb8w x6umtig x1b1mbwd xaqea5y xav7gou x9f619 x1ypdohk xt0psk2 xe8uvvx xdj266r x11i5rnm xat24cr x1mh8g0r xexx8yu x4uap5 x18d9i69 xkhd6sd x16tdsg8 x1hl2dhg xggy1nq x1a2a7pz xt0b8zv xzsf02u x1s688f\" role=\"link\" href=\"https:\/\/www.facebook.com\/srebrnypotok?__cft__[0]=AZX-YL3Hg5bBWb-gIwGSoaWxg-i6no1HZDZM0SN6Ma3zCvxFlJU0E9YoWHrfIDPID7UH9F7OVYkqx-VKyDbHUMybJNU5XCrwTz1etjz803b76GxZkugWElkMuL7woV2B_zYc3N96_dKEXuv3ePnHhrZW&amp;__tn__=-]C%2CP-R\">Schronisko Srebrny Potok<\/a><\/strong><\/span>.<\/span><\/h2>\n<\/div>\n<div class=\"xu06os2 x1ok221b\"><span class=\"x193iq5w xeuugli x13faqbe x1vvkbs x1xmvt09 x1lliihq x1s928wv xhkezso x1gmr53x x1cpjm7i x1fgarty x1943h6x x4zkp8e x676frb x1pg5gke x1sibtaa xo1l8bm xi81zsa x1yc453h\" dir=\"auto\"><span id=\":rf8:\"><span class=\"xh99ass\"><span class=\"xzpqnlu xjm9jq1 x6ikm8r x10wlt62 x10l6tqk x1i1rx1s\"> <\/span><span aria-hidden=\"true\">\u00b7 <\/span><\/span><\/span><\/span><\/div>\n<\/div>\n<\/div>\n<div class=\"xqcrz7y x78zum5 x1qx5ct2 x1y1aw1k x1sxyh0 xwib8y2 xurb0ha xw4jnvo\">\n<div>\n<div class=\"x1i10hfl x1qjc9v5 xjqpnuy xa49m3k xqeqjp1 x2hbi6w x9f619 x1ypdohk xdl72j9 x2lah0s xe8uvvx x2lwn1j xeuugli x16tdsg8 x1hl2dhg xggy1nq x1ja2u2z x1t137rt x1o1ewxj x3x9cwd x1e5q0jg x13rtm0m x1q0g3np x87ps6o x1lku1pv x1a2a7pz xjyslct xjbqb8w x13fuv20 xu3j5b3 x1q0q8m5 x26u7qi x972fbf xcfux6l x1qhh985 xm0m39n x3nfvp2 xdj266r x11i5rnm xat24cr x1mh8g0r xexx8yu x4uap5 x18d9i69 xkhd6sd x1n2onr6 x3ajldb x194ut8o x1vzenxt xd7ygy7 xt298gk x1xhcax0 x1s928wv x10pfhc2 x1j6awrg x1v53gu8 x1tfg27r xitxdhh\" tabindex=\"0\" role=\"button\" aria-expanded=\"false\" aria-haspopup=\"menu\" aria-label=\"Dzia\u0142ania dla tego posta\">\n<div class=\"x1ey2m1c xds687c xg01cxk x47corl x10l6tqk x17qophe x13vifvy x1ebt8du x19991ni x1dhq9h x14yjl9h xudhj91 x18nykt9 xww2gxu\" data-visualcompletion=\"ignore\"><\/div>\n<\/div>\n<\/div>\n<\/div>\n<\/div>\n<\/div>\n<div>\n<div class=\"\" dir=\"auto\">\n<div class=\"x1iorvi4 x1pi30zi x1l90r2v x1swvt13\" id=\":rf9:\" data-ad-comet-preview=\"message\" data-ad-preview=\"message\">\n<div class=\"x78zum5 xdt5ytf xz62fqu x16ldp7u\">\n<div class=\"xu06os2 x1ok221b\">\n<div class=\"xdj266r x11i5rnm xat24cr x1mh8g0r x1vvkbs x126k92a\">\n<div dir=\"auto\">Bardzo przytulny pok\u00f3j, pi\u0119knie zaaran\u017cowane wn\u0119trza, spokojna okolica. Cieszymy si\u0119, \u017ce po d\u0142ugiej w\u0119dr\u00f3wce po g\u00f3rach trafili\u015bmy w\u0142a\u015bnie tutaj <span class=\"x3nfvp2 x1j61x8r x1fcty0u xdj266r xhhsvwb xat24cr xgzva0m xxymvpz xlup9mm x1kky2od\"><img loading=\"lazy\" decoding=\"async\" src=\"https:\/\/static.xx.fbcdn.net\/images\/emoji.php\/v9\/t4c\/1\/16\/1f642.png\" alt=\"&#x1f642;\" width=\"16\" height=\"16\"><\/span><\/div>\n<\/div>\n<\/div>\n<\/div>\n<\/div>\n<\/div>\n<div class=\"x1n2onr6\" id=\":rfa:\">\n<div class=\"x1n2onr6\">\n<ul class=\"x78zum5 x1q0g3np x1a02dak x1nhvcw1 xr9ek0c x1emribx x1e56ztr x1i64zmx x1nn3v0j xsyo7zv x1120s5i x16hj40l\">\n<li class=\"xs83m0k x1gslohp xfs2ol5 x12nagc x12mruv9\"><span class=\"x193iq5w xeuugli x13faqbe x1vvkbs x1xmvt09 x1lliihq x1s928wv xhkezso x1gmr53x x1cpjm7i x1fgarty x1943h6x xudqn12 x3x7a5m x1f6kntn xvq8zen x1s688f xzsf02u\" dir=\"auto\">Dobre dla podr\u00f3\u017cnik\u00f3w<\/span><\/li>\n<\/ul>\n<\/div>\n<div>\n<div class=\"x1cy8zhl x78zum5 x1q0g3np xod5an3 x1pi30zi x1swvt13 xz9dl7a\">\n<div class=\"x1iyjqo2\">\n<div class=\"x78zum5 xdt5ytf xz62fqu x16ldp7u\">\n<div class=\"xu06os2 x1ok221b\">\n<h2 class=\"x1heor9g x1qlqyl8 x1pd3egz x1a2a7pz x1gslohp x1yc453h\" id=\":rfp:\"><span class=\"x193iq5w xeuugli x13faqbe x1vvkbs x1xmvt09 x1f6kntn xvq8zen xo1l8bm xi81zsa\"><span class=\"xt0psk2\"><strong><a tabindex=\"0\" class=\"x1i10hfl xjbqb8w x6umtig x1b1mbwd xaqea5y xav7gou x9f619 x1ypdohk xt0psk2 xe8uvvx xdj266r x11i5rnm xat24cr x1mh8g0r xexx8yu x4uap5 x18d9i69 xkhd6sd x16tdsg8 x1hl2dhg xggy1nq x1a2a7pz xt0b8zv xzsf02u x1s688f\" role=\"link\" href=\"https:\/\/www.facebook.com\/profile.php?id=100001726825784&amp;__cft__[0]=AZWxu6wqgEWYiNenFwSloL5QPPfmblAhHZTQHeuND_XLFTrA0YQqwLIyG8itKy8dSAhLTRvKkO2lOJI9uPX5HyUtiXe9VGSsve2bb6vcVBJkxE5MJfHAinYW3NQHGgSTOicZinryFmsNOKrNQCeCVwUl&amp;__tn__=-]C%2CP-R\">Lilianna Gronostaj<\/a><\/strong><\/span> <strong><img loading=\"lazy\" decoding=\"async\" class=\"x1rg5ohu xw3qccf x1dg2w4v\" src=\"https:\/\/static.xx.fbcdn.net\/rsrc.php\/v3\/y6\/r\/2CYZBtJFeT2.png\" alt=\"\" width=\"16\" height=\"16\"><\/strong> poleca stron\u0119 <span class=\"xt0psk2\"><strong><a tabindex=\"0\" class=\"x1i10hfl xjbqb8w x6umtig x1b1mbwd xaqea5y xav7gou x9f619 x1ypdohk xt0psk2 xe8uvvx xdj266r x11i5rnm xat24cr x1mh8g0r xexx8yu x4uap5 x18d9i69 xkhd6sd x16tdsg8 x1hl2dhg xggy1nq x1a2a7pz xt0b8zv xzsf02u x1s688f\" role=\"link\" href=\"https:\/\/www.facebook.com\/srebrnypotok?__cft__[0]=AZWxu6wqgEWYiNenFwSloL5QPPfmblAhHZTQHeuND_XLFTrA0YQqwLIyG8itKy8dSAhLTRvKkO2lOJI9uPX5HyUtiXe9VGSsve2bb6vcVBJkxE5MJfHAinYW3NQHGgSTOicZinryFmsNOKrNQCeCVwUl&amp;__tn__=-]C%2CP-R\">Schronisko Srebrny Potok<\/a><\/strong><\/span>.<\/span><\/h2>\n<\/div>\n<div class=\"xu06os2 x1ok221b\"><span class=\"x193iq5w xeuugli x13faqbe x1vvkbs x1xmvt09 x1lliihq x1s928wv xhkezso x1gmr53x x1cpjm7i x1fgarty x1943h6x x4zkp8e x676frb x1pg5gke x1sibtaa xo1l8bm xi81zsa x1yc453h\" dir=\"auto\"><span id=\":rfq:\"><span class=\"xh99ass\"><span class=\"xzpqnlu xjm9jq1 x6ikm8r x10wlt62 x10l6tqk x1i1rx1s\"> <\/span><span aria-hidden=\"true\">\u00b7 <\/span><\/span><\/span><\/span><\/div>\n<\/div>\n<\/div>\n<div class=\"xqcrz7y x78zum5 x1qx5ct2 x1y1aw1k x1sxyh0 xwib8y2 xurb0ha xw4jnvo\">\n<div>\n<div class=\"x1i10hfl x1qjc9v5 xjqpnuy xa49m3k xqeqjp1 x2hbi6w x9f619 x1ypdohk xdl72j9 x2lah0s xe8uvvx x2lwn1j xeuugli x16tdsg8 x1hl2dhg xggy1nq x1ja2u2z x1t137rt x1o1ewxj x3x9cwd x1e5q0jg x13rtm0m x1q0g3np x87ps6o x1lku1pv x1a2a7pz xjyslct xjbqb8w x13fuv20 xu3j5b3 x1q0q8m5 x26u7qi x972fbf xcfux6l x1qhh985 xm0m39n x3nfvp2 xdj266r x11i5rnm xat24cr x1mh8g0r xexx8yu x4uap5 x18d9i69 xkhd6sd x1n2onr6 x3ajldb x194ut8o x1vzenxt xd7ygy7 xt298gk x1xhcax0 x1s928wv x10pfhc2 x1j6awrg x1v53gu8 x1tfg27r xitxdhh\" tabindex=\"0\" role=\"button\" aria-expanded=\"false\" aria-haspopup=\"menu\" aria-label=\"Dzia\u0142ania dla tego posta\">\n<div class=\"x1ey2m1c xds687c xg01cxk x47corl x10l6tqk x17qophe x13vifvy x1ebt8du x19991ni x1dhq9h x14yjl9h xudhj91 x18nykt9 xww2gxu\" data-visualcompletion=\"ignore\"><\/div>\n<\/div>\n<\/div>\n<\/div>\n<\/div>\n<\/div>\n<div>\n<div class=\"\" dir=\"auto\">\n<div class=\"x1iorvi4 x1pi30zi x1l90r2v x1swvt13\" id=\":rfr:\" data-ad-comet-preview=\"message\" data-ad-preview=\"message\">\n<div class=\"x78zum5 xdt5ytf xz62fqu x16ldp7u\">\n<div class=\"xu06os2 x1ok221b\">\n<div class=\"xdj266r x11i5rnm xat24cr x1mh8g0r x1vvkbs x126k92a\">\n<div dir=\"auto\">Wszystko w Schronisku Srebrny Potok z czystym sumieniem mog\u0119 poleci\u0107 <span class=\"x3nfvp2 x1j61x8r x1fcty0u xdj266r xhhsvwb xat24cr xgzva0m xxymvpz xlup9mm x1kky2od\"><img loading=\"lazy\" decoding=\"async\" src=\"https:\/\/static.xx.fbcdn.net\/images\/emoji.php\/v9\/tb7\/1\/16\/1f917.png\" alt=\"&#x1f917;\" width=\"16\" height=\"16\"><\/span><\/p>\n<p>atmosfera, gospodarze, okolica, miejsc\u00f3wka, pokoje&#8230; wszystko na TAK &#8230;.polecam<span class=\"x3nfvp2 x1j61x8r x1fcty0u xdj266r xhhsvwb xat24cr xgzva0m xxymvpz xlup9mm x1kky2od\"><img loading=\"lazy\" decoding=\"async\" src=\"https:\/\/static.xx.fbcdn.net\/images\/emoji.php\/v9\/tfc\/1\/16\/1f44d.png\" alt=\"&#x1f44d;\" width=\"16\" height=\"16\"><\/span><\/p>\n<p><span class=\"x3nfvp2 x1j61x8r x1fcty0u xdj266r xhhsvwb xat24cr xgzva0m xxymvpz xlup9mm x1kky2od\"><img loading=\"lazy\" decoding=\"async\" src=\"https:\/\/static.xx.fbcdn.net\/images\/emoji.php\/v9\/tac\/1\/16\/2665.png\" alt=\"&#x2665;&#xfe0f;\" width=\"16\" height=\"16\"><\/span><\/p>\n<p><span class=\"x3nfvp2 x1j61x8r x1fcty0u xdj266r xhhsvwb xat24cr xgzva0m xxymvpz xlup9mm x1kky2od\"><img loading=\"lazy\" decoding=\"async\" src=\"https:\/\/static.xx.fbcdn.net\/images\/emoji.php\/v9\/tfc\/1\/16\/1f44d.png\" alt=\"&#x1f44d;\" width=\"16\" height=\"16\"><\/span><\/div>\n<\/div>\n<\/div>\n<\/div>\n<\/div>\n<\/div>\n<div class=\"x1n2onr6\" id=\":rfs:\">\n<div class=\"x1n2onr6\">\n<ul class=\"x78zum5 x1q0g3np x1a02dak x1nhvcw1 xr9ek0c x1emribx x1e56ztr x1i64zmx x1nn3v0j xsyo7zv x1120s5i x16hj40l\">\n<li class=\"x78zum5 x1q0g3np\">\n<div class=\"xs83m0k x1gslohp xfs2ol5 x12nagc x12mruv9\"><span class=\"x193iq5w xeuugli x13faqbe x1vvkbs x1xmvt09 x1lliihq x1s928wv xhkezso x1gmr53x x1cpjm7i x1fgarty x1943h6x xudqn12 x3x7a5m x1f6kntn xvq8zen x1s688f xzsf02u\" dir=\"auto\">Przestronne pokoje<\/span><\/div>\n<\/li>\n<\/ul>\n<ul>\n<li class=\"x78zum5 x1q0g3np\">\n<div class=\"xs83m0k x1gslohp xfs2ol5 x12nagc x12mruv9\"><span class=\"x193iq5w xeuugli x13faqbe x1vvkbs x1xmvt09 x1lliihq x1s928wv xhkezso x1gmr53x x1cpjm7i x1fgarty x1943h6x xudqn12 x3x7a5m x1f6kntn xvq8zen x1s688f xzsf02u\" dir=\"auto\">Ciche pokoje<\/span><\/div>\n<\/li>\n<\/ul>\n<ul>\n<li class=\"x78zum5 x1q0g3np\">\n<div class=\"xs83m0k x1gslohp xfs2ol5 x12nagc x12mruv9\"><span class=\"x193iq5w xeuugli x13faqbe x1vvkbs x1xmvt09 x1lliihq x1s928wv xhkezso x1gmr53x x1cpjm7i x1fgarty x1943h6x xudqn12 x3x7a5m x1f6kntn xvq8zen x1s688f xzsf02u\" dir=\"auto\">Dobre dla podr\u00f3\u017cnik\u00f3w<\/span><\/div>\n<\/li>\n<\/ul>\n<ul>\n<li class=\"x78zum5 x1q0g3np\">\n<div class=\"xs83m0k x1gslohp xfs2ol5 x12nagc x12mruv9\"><span class=\"x193iq5w xeuugli x13faqbe x1vvkbs x1xmvt09 x1lliihq x1s928wv xhkezso x1gmr53x x1cpjm7i x1fgarty x1943h6x xudqn12 x3x7a5m x1f6kntn xvq8zen x1s688f xzsf02u\" dir=\"auto\">Prywatne pokoje<\/span><\/div>\n<\/li>\n<\/ul>\n<ul>\n<li class=\"xs83m0k x1gslohp xfs2ol5 x12nagc x12mruv9\"><span class=\"x193iq5w xeuugli x13faqbe x1vvkbs x1xmvt09 x1lliihq x1s928wv xhkezso x1gmr53x x1cpjm7i x1fgarty x1943h6x xudqn12 x3x7a5m x1f6kntn xvq8zen x1s688f xzsf02u\" dir=\"auto\">Prywatne \u0142azienki<\/span><\/li>\n<\/ul>\n<\/div>\n<\/div>\n<div>\n<div class=\"x1cy8zhl x78zum5 x1q0g3np xod5an3 x1pi30zi x1swvt13 xz9dl7a\">\n<div class=\"x1iyjqo2\">\n<div class=\"x78zum5 xdt5ytf xz62fqu x16ldp7u\">\n<div class=\"xu06os2 x1ok221b\">\n<h2 class=\"x1heor9g x1qlqyl8 x1pd3egz x1a2a7pz x1gslohp x1yc453h\" id=\":rln:\"><span class=\"x193iq5w xeuugli x13faqbe x1vvkbs x1xmvt09 x1f6kntn xvq8zen xo1l8bm xi81zsa\"><span class=\"xt0psk2\"><strong><a tabindex=\"0\" class=\"x1i10hfl xjbqb8w x6umtig x1b1mbwd xaqea5y xav7gou x9f619 x1ypdohk xt0psk2 xe8uvvx xdj266r x11i5rnm xat24cr x1mh8g0r xexx8yu x4uap5 x18d9i69 xkhd6sd x16tdsg8 x1hl2dhg xggy1nq x1a2a7pz xt0b8zv xzsf02u x1s688f\" role=\"link\" href=\"https:\/\/www.facebook.com\/tomasz.rdzanek.3?__cft__[0]=AZXg3kVTwJJmGSkOa5aSEwYH2lDpp7fz-EzIVV4jcyLnr6nJGFCtzpqohoD79KWOugLkRLCkDt7ZNycIii52nHR6n4QT-lSw0x8JgNQaUM7mzg&amp;__tn__=-]C%2CP-R\">Tomasz Rdzanek<\/a><\/strong><\/span> <strong><img loading=\"lazy\" decoding=\"async\" class=\"x1rg5ohu xw3qccf x1dg2w4v\" src=\"https:\/\/static.xx.fbcdn.net\/rsrc.php\/v3\/y6\/r\/2CYZBtJFeT2.png\" alt=\"\" width=\"16\" height=\"16\"><\/strong> poleca stron\u0119 <span class=\"xt0psk2\"><strong><a tabindex=\"0\" class=\"x1i10hfl xjbqb8w x6umtig x1b1mbwd xaqea5y xav7gou x9f619 x1ypdohk xt0psk2 xe8uvvx xdj266r x11i5rnm xat24cr x1mh8g0r xexx8yu x4uap5 x18d9i69 xkhd6sd x16tdsg8 x1hl2dhg xggy1nq x1a2a7pz xt0b8zv xzsf02u x1s688f\" role=\"link\" href=\"https:\/\/www.facebook.com\/srebrnypotok?__cft__[0]=AZXg3kVTwJJmGSkOa5aSEwYH2lDpp7fz-EzIVV4jcyLnr6nJGFCtzpqohoD79KWOugLkRLCkDt7ZNycIii52nHR6n4QT-lSw0x8JgNQaUM7mzg&amp;__tn__=-]C%2CP-R\">Schronisko Srebrny Potok<\/a><\/strong><\/span>.<\/span><\/h2>\n<\/div>\n<div class=\"xu06os2 x1ok221b\"><span class=\"x193iq5w xeuugli x13faqbe x1vvkbs x1xmvt09 x1lliihq x1s928wv xhkezso x1gmr53x x1cpjm7i x1fgarty x1943h6x x4zkp8e x676frb x1pg5gke x1sibtaa xo1l8bm xi81zsa x1yc453h\" dir=\"auto\"><span id=\":rlo:\"><span class=\"xh99ass\"><span class=\"xzpqnlu xjm9jq1 x6ikm8r x10wlt62 x10l6tqk x1i1rx1s\"> <\/span><span aria-hidden=\"true\">\u00b7 <\/span><\/span><\/span><\/span><\/div>\n<\/div>\n<\/div>\n<div class=\"xqcrz7y x78zum5 x1qx5ct2 x1y1aw1k x1sxyh0 xwib8y2 xurb0ha xw4jnvo\">\n<div>\n<div class=\"x1i10hfl x1qjc9v5 xjqpnuy xa49m3k xqeqjp1 x2hbi6w x9f619 x1ypdohk xdl72j9 x2lah0s xe8uvvx x2lwn1j xeuugli x16tdsg8 x1hl2dhg xggy1nq x1ja2u2z x1t137rt x1o1ewxj x3x9cwd x1e5q0jg x13rtm0m x1q0g3np x87ps6o x1lku1pv x1a2a7pz xjyslct xjbqb8w x13fuv20 xu3j5b3 x1q0q8m5 x26u7qi x972fbf xcfux6l x1qhh985 xm0m39n x3nfvp2 xdj266r x11i5rnm xat24cr x1mh8g0r xexx8yu x4uap5 x18d9i69 xkhd6sd x1n2onr6 x3ajldb x194ut8o x1vzenxt xd7ygy7 xt298gk x1xhcax0 x1s928wv x10pfhc2 x1j6awrg x1v53gu8 x1tfg27r xitxdhh\" tabindex=\"0\" role=\"button\" aria-expanded=\"false\" aria-haspopup=\"menu\" aria-label=\"Dzia\u0142ania dla tego posta\">\n<div class=\"x1ey2m1c xds687c xg01cxk x47corl x10l6tqk x17qophe x13vifvy x1ebt8du x19991ni x1dhq9h x14yjl9h xudhj91 x18nykt9 xww2gxu\" data-visualcompletion=\"ignore\"><\/div>\n<\/div>\n<\/div>\n<\/div>\n<\/div>\n<\/div>\n<div>\n<div class=\"\" dir=\"auto\">\n<div class=\"x1iorvi4 x1pi30zi x1swvt13 xjkvuk6\" id=\":rlp:\" data-ad-comet-preview=\"message\" data-ad-preview=\"message\">\n<div class=\"x78zum5 xdt5ytf xz62fqu x16ldp7u\">\n<div class=\"xu06os2 x1ok221b\">\n<div class=\"xdj266r x11i5rnm xat24cr x1mh8g0r x1vvkbs x126k92a\">\n<div dir=\"auto\">Fajne miejsce wypadowe, czy\u015bciutko, niczego nam nie brakowa\u0142o. Na nasze standardy wszystko ok. Zgodne z opisem. Przemili w\u0142a\u015bciciele. Za rok te\u017c tam jedziemy . . .<\/div>\n<\/div>\n<\/div>\n<\/div>\n<\/div>\n<\/div>\n<\/div>\n<\/div>\n<\/div>\n<\/div>\n<\/div>\n<\/div>\n","protected":false},"excerpt":{"rendered":"<p>Zapraszamy do Schroniska Srebrny Potok usytuowanego w malowniczej miejscowo\u015bci Jarkowice u st\u00f3p Grzbietu Lasocki. Nasze schronisko dysponuje 45 miejscami noclegowymi. Schronisko to dwa identyczne budynki , mo\u017cliwo\u015b\u0107 wynaj\u0119cia w ca\u0142o\u015bci na wy\u0142\u0105czno\u015b\u0107 jednego z nich wraz z barem. W pokojach 2-6 osobowych. Przy obiekcie posiadamy miejsca parkingowe. Do dyspozycji Pa\u0144stwa jest kuchnia , a tak\u017ce [&hellip;]<\/p>\n","protected":false},"author":1,"featured_media":0,"parent":0,"menu_order":0,"comment_status":"closed","ping_status":"closed","template":"","meta":{"footnotes":""},"class_list":["post-22173","page","type-page","status-publish","hentry"],"_links":{"self":[{"href":"http:\/\/srebrny-potok.net\/index.php\/wp-json\/wp\/v2\/pages\/22173","targetHints":{"allow":["GET"]}}],"collection":[{"href":"http:\/\/srebrny-potok.net\/index.php\/wp-json\/wp\/v2\/pages"}],"about":[{"href":"http:\/\/srebrny-potok.net\/index.php\/wp-json\/wp\/v2\/types\/page"}],"author":[{"embeddable":true,"href":"http:\/\/srebrny-potok.net\/index.php\/wp-json\/wp\/v2\/users\/1"}],"replies":[{"embeddable":true,"href":"http:\/\/srebrny-potok.net\/index.php\/wp-json\/wp\/v2\/comments?post=22173"}],"version-history":[{"count":7,"href":"http:\/\/srebrny-potok.net\/index.php\/wp-json\/wp\/v2\/pages\/22173\/revisions"}],"predecessor-version":[{"id":22242,"href":"http:\/\/srebrny-potok.net\/index.php\/wp-json\/wp\/v2\/pages\/22173\/revisions\/22242"}],"wp:attachment":[{"href":"http:\/\/srebrny-potok.net\/index.php\/wp-json\/wp\/v2\/media?parent=22173"}],"curies":[{"name":"wp","href":"https:\/\/api.w.org\/{rel}","templated":true}]}}