{"id":22192,"date":"2023-05-27T19:13:12","date_gmt":"2023-05-27T17:13:12","guid":{"rendered":"http:\/\/srebrny-potok.net\/?page_id=22192"},"modified":"2023-07-10T20:18:15","modified_gmt":"2023-07-10T18:18:15","slug":"start","status":"publish","type":"page","link":"https:\/\/srebrny-potok.net\/","title":{"rendered":"Start"},"content":{"rendered":"<h2 style=\"text-align:center;\">Witamy na stronie Srebrnego Potoku<\/h2>\n<p style=\"text-align:center;\">Schronisko \u201eSrebrny Potok\u201d w Jarkowicach \u2013 obiekt noclegowy (schronisko turystyczne), po\u0142o\u017cony w dolinie Bia\u0142ego Strumienia (Bia\u0142ej Wody) ponad wsi\u0105 Jarkowice, na wschodnich zboczach karkonoskiego Grzbietu Lasockiego<\/p>\n<p>Nasze schronisko dysponuje 45 miejscami noclegowymi. Schronisko to dwa identyczne budynki , mo\u017cliwo\u015b\u0107 wynaj\u0119cia w ca\u0142o\u015bci na wy\u0142\u0105czno\u015b\u0107 jednego z nich w kt\u00f3rym znajduje si\u0119 sto\u0142\u00f3wka i aneks kuchenny<\/p>\n","protected":false},"excerpt":{"rendered":"<p>Witamy na stronie Srebrnego Potoku Schronisko \u201eSrebrny Potok\u201d w Jarkowicach \u2013 obiekt noclegowy (schronisko turystyczne), po\u0142o\u017cony w dolinie Bia\u0142ego Strumienia (Bia\u0142ej Wody) ponad wsi\u0105 Jarkowice, na wschodnich zboczach karkonoskiego Grzbietu Lasockiego Nasze schronisko dysponuje 45 miejscami noclegowymi. Schronisko to dwa identyczne budynki , mo\u017cliwo\u015b\u0107 wynaj\u0119cia w ca\u0142o\u015bci na wy\u0142\u0105czno\u015b\u0107 jednego z nich w kt\u00f3rym znajduje [&hellip;]<\/p>\n","protected":false},"author":1,"featured_media":22240,"parent":0,"menu_order":0,"comment_status":"closed","ping_status":"closed","template":"","meta":{"footnotes":""},"class_list":["post-22192","page","type-page","status-publish","has-post-thumbnail","hentry"],"_links":{"self":[{"href":"https:\/\/srebrny-potok.net\/index.php\/wp-json\/wp\/v2\/pages\/22192","targetHints":{"allow":["GET"]}}],"collection":[{"href":"https:\/\/srebrny-potok.net\/index.php\/wp-json\/wp\/v2\/pages"}],"about":[{"href":"https:\/\/srebrny-potok.net\/index.php\/wp-json\/wp\/v2\/types\/page"}],"author":[{"embeddable":true,"href":"https:\/\/srebrny-potok.net\/index.php\/wp-json\/wp\/v2\/users\/1"}],"replies":[{"embeddable":true,"href":"https:\/\/srebrny-potok.net\/index.php\/wp-json\/wp\/v2\/comments?post=22192"}],"version-history":[{"count":5,"href":"https:\/\/srebrny-potok.net\/index.php\/wp-json\/wp\/v2\/pages\/22192\/revisions"}],"predecessor-version":[{"id":22225,"href":"https:\/\/srebrny-potok.net\/index.php\/wp-json\/wp\/v2\/pages\/22192\/revisions\/22225"}],"wp:featuredmedia":[{"embeddable":true,"href":"https:\/\/srebrny-potok.net\/index.php\/wp-json\/wp\/v2\/media\/22240"}],"wp:attachment":[{"href":"https:\/\/srebrny-potok.net\/index.php\/wp-json\/wp\/v2\/media?parent=22192"}],"curies":[{"name":"wp","href":"https:\/\/api.w.org\/{rel}","templated":true}]}}